{"id":10,"date":"2023-05-09T10:10:17","date_gmt":"2023-05-09T10:10:17","guid":{"rendered":"https:\/\/samsbeograd.com\/?page_id=10"},"modified":"2024-01-18T19:04:21","modified_gmt":"2024-01-18T19:04:21","slug":"o-savezu","status":"publish","type":"page","link":"https:\/\/samkszs.rs\/index.php\/o-savezu\/","title":{"rendered":"O SAVEZU"},"content":{"rendered":"\t\t<div data-elementor-type=\"wp-page\" data-elementor-id=\"10\" class=\"elementor elementor-10\" data-elementor-post-type=\"page\">\n\t\t\t\t\t\t<section class=\"elementor-section elementor-top-section elementor-element elementor-element-9f041d7 elementor-section-height-min-height elementor-section-items-top elementor-section-content-middle elementor-hidden-tablet elementor-section-boxed elementor-section-height-default\" data-id=\"9f041d7\" data-element_type=\"section\" data-e-type=\"section\" data-settings=\"{&quot;background_motion_fx_devices&quot;:[&quot;desktop&quot;,&quot;tablet&quot;,&quot;mobile&quot;]}\">\n\t\t\t\t\t\t\t<div class=\"elementor-background-overlay\"><\/div>\n\t\t\t\t\t\t\t<div class=\"elementor-container elementor-column-gap-no\">\n\t\t\t\t\t<div class=\"elementor-column elementor-col-100 elementor-top-column elementor-element elementor-element-9a8020c\" data-id=\"9a8020c\" data-element_type=\"column\" data-e-type=\"column\" data-settings=\"{&quot;background_background&quot;:&quot;classic&quot;}\">\n\t\t\t<div class=\"elementor-widget-wrap elementor-element-populated\">\n\t\t\t\t\t<div class=\"elementor-background-overlay\"><\/div>\n\t\t\t\t\t\t<div class=\"elementor-element elementor-element-ce7ece7 elementor-widget__width-auto elementor-absolute elementor-invisible elementor-widget elementor-widget-text-editor\" data-id=\"ce7ece7\" data-element_type=\"widget\" data-e-type=\"widget\" data-settings=\"{&quot;_position&quot;:&quot;absolute&quot;,&quot;_animation&quot;:&quot;slideInRight&quot;}\" data-widget_type=\"text-editor.default\">\n\t\t\t\t<div class=\"elementor-widget-container\">\n\t\t\t\t\t\t\t\t\t<p>O SAVEZU<\/p>\t\t\t\t\t\t\t\t<\/div>\n\t\t\t\t<\/div>\n\t\t\t\t<div class=\"elementor-element elementor-element-856111f elementor-widget__width-auto elementor-absolute elementor-widget elementor-widget-text-editor\" data-id=\"856111f\" data-element_type=\"widget\" data-e-type=\"widget\" data-settings=\"{&quot;_position&quot;:&quot;absolute&quot;}\" data-widget_type=\"text-editor.default\">\n\t\t\t\t<div class=\"elementor-widget-container\">\n\t\t\t\t\t\t\t\t\tSportski Auto Moto Karting Savez Zapadne Srbije,<BR> (skra\u0107enica SAMKSZS), je granski savez,\ndobrovoljno<BR> udru\u017eenih klubova i udru\u017eenja, osnovan u 11. april\u0430 <BR>2023. godine u U\u017eicu.\nPodru\u010dije delovanja\nsaveza su <BR>Zlatiborski i Kolubarski upravni okrug. <BR>Savez skra\u0107eno koristi\nime SAMKS Zapadne Srbije.<BR> Savez je\nosnovan u skladu sa Zakonom o sportu <BR>Republike Srbije\ni uz saglasnost Vlade Republike Srbije. <BR>Sedi\u0161te saveza\nje u ulici Milo\u0161a Obrenovi\u0107a 22,<BR>\nnaselje Senjak u U\u017eicu. Osnovan je po ugledu na zemlje <BR>u kojima je ovaj sport\ndosta razvijeniji\nnego kod nas,<BR> a upravo taj razvitak je zapo\u010deo osnivanjem regionalnih saveza.\t\t\t\t\t\t\t\t<\/div>\n\t\t\t\t<\/div>\n\t\t\t\t<div class=\"elementor-element elementor-element-a39fb90 elementor-widget__width-auto elementor-absolute elementor-widget elementor-widget-text-editor\" data-id=\"a39fb90\" data-element_type=\"widget\" data-e-type=\"widget\" data-settings=\"{&quot;_position&quot;:&quot;absolute&quot;}\" data-widget_type=\"text-editor.default\">\n\t\t\t\t<div class=\"elementor-widget-container\">\n\t\t\t\t\t\t\t\t\t<p>Osniva\u010di saveza su:<br \/>1. Auto Moto Karting Sportsko Udru\u017eenje \u201eHIGHLANDER\u201c \u2013 AMKSU \u201eHIGHLANDER\u201c<br \/>2. Automobilsko Sportsko Udru\u017eenje \u201eULTRA RACING TEAM\u201c \u2013 ASU \u201eULTRA RACING TEAM\u201c<br \/>3. Auto Moto Karting Klub \u201eZLATIBOR\u201c \u2013 AMKK \u201eZLATIBOR\u201c<\/p>\t\t\t\t\t\t\t\t<\/div>\n\t\t\t\t<\/div>\n\t\t\t\t<div class=\"elementor-element elementor-element-ee09a3c elementor-widget__width-auto elementor-absolute elementor-widget elementor-widget-text-editor\" data-id=\"ee09a3c\" data-element_type=\"widget\" data-e-type=\"widget\" data-settings=\"{&quot;_position&quot;:&quot;absolute&quot;}\" data-widget_type=\"text-editor.default\">\n\t\t\t\t<div class=\"elementor-widget-container\">\n\t\t\t\t\t\t\t\t\tSAMKSZS je osnovan sa ciljem da aktivno razvija<BR> auto moto karting sport u regionu Zapadne Srbije i<BR>\nda tim svoijm delovanjem u\u010destvuje i na razvijanju <BR>ovog sporta u Srbiji.\t\t\t\t\t\t\t\t<\/div>\n\t\t\t\t<\/div>\n\t\t\t\t<div class=\"elementor-element elementor-element-a57416b elementor-widget__width-auto elementor-absolute elementor-widget elementor-widget-text-editor\" data-id=\"a57416b\" data-element_type=\"widget\" data-e-type=\"widget\" data-settings=\"{&quot;_position&quot;:&quot;absolute&quot;}\" data-widget_type=\"text-editor.default\">\n\t\t\t\t<div class=\"elementor-widget-container\">\n\t\t\t\t\t\t\t\t\tCilj saveza je da se pokrene organizacija takmi\u010denja<BR> u auto-moto karting sportu na teritoriji\nZapadne\nSrbije.<BR> Tako\u0111e cilj je i da se pokrenu mladi, ljubitelji ovog sporta,<BR> posebno iz Zapadne Srbije,\nkoji je dugo bio\nglavna <BR>pokreta\u010dka snaga automobilizma kod nas. Ideja je i da se svi <BR>klubovi iz\nZlatiborskog i Kolubarskog\nokruga u\u010dlane <BR>u ovaj savez i da zajedni\u010dkim snagama unapredimo <BR>ovaj sport.\nNadamo se da \u0107e u budu\u0107nosti\ntakav sistem rada <BR>dovesti i do osnivanja novih klubova i udru\u017eenja i\nda \u0107e broj <BR>\u010dlanova saveza stalno da raste.\nNaravno pored svega <BR>navedenog, uvek je cilj i dobra zabava,\ndru\u017eenje i \u0161irenje sportskog duha.\t\t\t\t\t\t\t\t<\/div>\n\t\t\t\t<\/div>\n\t\t\t\t<div class=\"elementor-element elementor-element-3900751 elementor-widget__width-auto elementor-absolute elementor-widget elementor-widget-text-editor\" data-id=\"3900751\" data-element_type=\"widget\" data-e-type=\"widget\" data-settings=\"{&quot;_position&quot;:&quot;absolute&quot;}\" data-widget_type=\"text-editor.default\">\n\t\t\t\t<div class=\"elementor-widget-container\">\n\t\t\t\t\t\t\t\t\tPlan je da priredimo i razne manifestacije u svim <BR>ve\u0107im mestima, pomenuta dva okruga,\na posebno u<BR>\nmestima gde se budu odr\u017eavala takmi\u010denja, <BR>a vezana su za promociju sporta,\nsaveza i potencijalnih <BR>sponzora\ni saradnika.\n<BR><BR>\n\nAktivno radimo na polju bezbednost u saobra\u0107aju. <BR>Na tom polju savez \u017eeli da se svest mladih,\npodigne na vi\u0161i nivo.\n<BR><BR>\nRadimo i na animiranju sudijskog kadra u auto-moto karting sportu, posebno kroz klubove,\n\u010dlanove\nSAMKS Zapadne Srbije.\n<BR><BR>\nObuku novih \u010dlanova i predavanja o auto-moto karting sportu<BR> kao i o bezbednosti u saobra\u0107aju\ndr\u017ei\nstru\u010dni kadar <BR>iz redova FIA i AMSS-a.\n<BR><BR>\nSAMKS Zapadne Srbije ispred sebe je postavio i zadatak da<BR> sportistima, \u010dlanovima saveza, sudijama,\ni\nsvim posetiocima,<BR> svojih manifestacija, predstavi prirodna bogatstva i lepote<BR> Zapadne Srbije.\t\t\t\t\t\t\t\t<\/div>\n\t\t\t\t<\/div>\n\t\t\t\t<div class=\"elementor-element elementor-element-9533905 elementor-widget__width-auto elementor-absolute elementor-invisible elementor-widget elementor-widget-text-editor\" data-id=\"9533905\" data-element_type=\"widget\" data-e-type=\"widget\" data-settings=\"{&quot;_position&quot;:&quot;absolute&quot;,&quot;_animation&quot;:&quot;slideInRight&quot;}\" data-widget_type=\"text-editor.default\">\n\t\t\t\t<div class=\"elementor-widget-container\">\n\t\t\t\t\t\t\t\t\t<p>\u010clanovi saveza<\/p>\t\t\t\t\t\t\t\t<\/div>\n\t\t\t\t<\/div>\n\t\t\t\t<div class=\"elementor-element elementor-element-c82efb6 elementor-widget__width-auto elementor-absolute elementor-widget elementor-widget-text-editor\" data-id=\"c82efb6\" data-element_type=\"widget\" data-e-type=\"widget\" data-settings=\"{&quot;_position&quot;:&quot;absolute&quot;}\" data-widget_type=\"text-editor.default\">\n\t\t\t\t<div class=\"elementor-widget-container\">\n\t\t\t\t\t\t\t\t\t<p>1. Auto Moto Karting Sportsko Udru\u017eenje \u201eHIGHLANDER\u201c \u2013 AMKSU \u201eHIGHLANDER\u201c<br \/>2. Automobilsko Sportsko Udru\u017eenje \u201eULTRA RACING TEAM\u201c \u2013 ASU \u201eULTRA RACING TEAM\u201c<br \/>3. Auto Moto Karting Klub \u201eZLATIBOR\u201c \u2013 AMKK \u201eZLATIBOR\u201c<\/p>\t\t\t\t\t\t\t\t<\/div>\n\t\t\t\t<\/div>\n\t\t\t\t<div class=\"elementor-element elementor-element-e13e9bc elementor-widget__width-auto elementor-absolute elementor-invisible elementor-widget elementor-widget-text-editor\" data-id=\"e13e9bc\" data-element_type=\"widget\" data-e-type=\"widget\" data-settings=\"{&quot;_position&quot;:&quot;absolute&quot;,&quot;_animation&quot;:&quot;slideInRight&quot;}\" data-widget_type=\"text-editor.default\">\n\t\t\t\t<div class=\"elementor-widget-container\">\n\t\t\t\t\t\t\t\t\t<p>Organi upravljanja<\/p>\t\t\t\t\t\t\t\t<\/div>\n\t\t\t\t<\/div>\n\t\t\t\t<div class=\"elementor-element elementor-element-0ac07aa elementor-widget__width-auto elementor-absolute elementor-widget elementor-widget-text-editor\" data-id=\"0ac07aa\" data-element_type=\"widget\" data-e-type=\"widget\" data-settings=\"{&quot;_position&quot;:&quot;absolute&quot;}\" data-widget_type=\"text-editor.default\">\n\t\t\t\t<div class=\"elementor-widget-container\">\n\t\t\t\t\t\t\t\t\t<p>Predsednik saveza &#8211; <strong>Radisav Pantovi\u0107<\/strong><br \/>Zastupnik saveza &#8211; <strong>\u017darko Tankosi\u0107<\/strong><\/p>\t\t\t\t\t\t\t\t<\/div>\n\t\t\t\t<\/div>\n\t\t\t\t<div class=\"elementor-element elementor-element-8326446 elementor-widget__width-auto elementor-absolute elementor-invisible elementor-widget elementor-widget-text-editor\" data-id=\"8326446\" data-element_type=\"widget\" data-e-type=\"widget\" data-settings=\"{&quot;_position&quot;:&quot;absolute&quot;,&quot;_animation&quot;:&quot;slideInRight&quot;}\" data-widget_type=\"text-editor.default\">\n\t\t\t\t<div class=\"elementor-widget-container\">\n\t\t\t\t\t\t\t\t\t<p>Upravni Odbor<\/p>\t\t\t\t\t\t\t\t<\/div>\n\t\t\t\t<\/div>\n\t\t\t\t<div class=\"elementor-element elementor-element-8e2e543 elementor-widget__width-auto elementor-absolute elementor-widget elementor-widget-text-editor\" data-id=\"8e2e543\" data-element_type=\"widget\" data-e-type=\"widget\" data-settings=\"{&quot;_position&quot;:&quot;absolute&quot;}\" data-widget_type=\"text-editor.default\">\n\t\t\t\t<div class=\"elementor-widget-container\">\n\t\t\t\t\t\t\t\t\t<p>Predsednik &#8211; <strong>Radisav Pantovi\u0107<\/strong><br \/>\u010clan &#8211; <strong>\u017darko Tankosi\u0107<\/strong><br \/>\u010clan &#8211; <strong>Sofija Rogi\u0107<\/strong><\/p>\t\t\t\t\t\t\t\t<\/div>\n\t\t\t\t<\/div>\n\t\t\t\t\t<\/div>\n\t\t<\/div>\n\t\t\t\t\t<\/div>\n\t\t<\/section>\n\t\t\t\t<\/div>\n\t\t","protected":false},"excerpt":{"rendered":"<p>O SAVEZU Sportski Auto Moto Karting Savez Zapadne Srbije, (skra\u0107enica SAMKSZS), je granski savez, dobrovoljno udru\u017eenih klubova i udru\u017eenja, osnovan u 11. april\u0430 2023. godine u U\u017eicu. Podru\u010dije delovanja saveza su Zlatiborski i Kolubarski upravni okrug. Savez skra\u0107eno koristi ime SAMKS Zapadne Srbije. Savez je osnovan u skladu sa Zakonom o sportu Republike Srbije i [&hellip;]<\/p>\n","protected":false},"author":1,"featured_media":0,"parent":0,"menu_order":0,"comment_status":"closed","ping_status":"closed","template":"","meta":{"site-sidebar-layout":"no-sidebar","site-content-layout":"page-builder","ast-site-content-layout":"full-width-container","site-content-style":"unboxed","site-sidebar-style":"unboxed","ast-global-header-display":"","ast-banner-title-visibility":"","ast-main-header-display":"","ast-hfb-above-header-display":"","ast-hfb-below-header-display":"","ast-hfb-mobile-header-display":"","site-post-title":"disabled","ast-breadcrumbs-content":"","ast-featured-img":"disabled","footer-sml-layout":"","ast-disable-related-posts":"","theme-transparent-header-meta":"","adv-header-id-meta":"","stick-header-meta":"","header-above-stick-meta":"","header-main-stick-meta":"","header-below-stick-meta":"","astra-migrate-meta-layouts":"set","ast-page-background-enabled":"default","ast-page-background-meta":{"desktop":{"background-color":"var(--ast-global-color-4)","background-image":"","background-repeat":"repeat","background-position":"center center","background-size":"auto","background-attachment":"scroll","background-type":"","background-media":"","overlay-type":"","overlay-color":"","overlay-opacity":"","overlay-gradient":""},"tablet":{"background-color":"","background-image":"","background-repeat":"repeat","background-position":"center center","background-size":"auto","background-attachment":"scroll","background-type":"","background-media":"","overlay-type":"","overlay-color":"","overlay-opacity":"","overlay-gradient":""},"mobile":{"background-color":"","background-image":"","background-repeat":"repeat","background-position":"center center","background-size":"auto","background-attachment":"scroll","background-type":"","background-media":"","overlay-type":"","overlay-color":"","overlay-opacity":"","overlay-gradient":""}},"ast-content-background-meta":{"desktop":{"background-color":"var(--ast-global-color-5)","background-image":"","background-repeat":"repeat","background-position":"center center","background-size":"auto","background-attachment":"scroll","background-type":"","background-media":"","overlay-type":"","overlay-color":"","overlay-opacity":"","overlay-gradient":""},"tablet":{"background-color":"var(--ast-global-color-5)","background-image":"","background-repeat":"repeat","background-position":"center center","background-size":"auto","background-attachment":"scroll","background-type":"","background-media":"","overlay-type":"","overlay-color":"","overlay-opacity":"","overlay-gradient":""},"mobile":{"background-color":"var(--ast-global-color-5)","background-image":"","background-repeat":"repeat","background-position":"center center","background-size":"auto","background-attachment":"scroll","background-type":"","background-media":"","overlay-type":"","overlay-color":"","overlay-opacity":"","overlay-gradient":""}},"footnotes":""},"class_list":["post-10","page","type-page","status-publish","hentry"],"_links":{"self":[{"href":"https:\/\/samkszs.rs\/index.php\/wp-json\/wp\/v2\/pages\/10","targetHints":{"allow":["GET"]}}],"collection":[{"href":"https:\/\/samkszs.rs\/index.php\/wp-json\/wp\/v2\/pages"}],"about":[{"href":"https:\/\/samkszs.rs\/index.php\/wp-json\/wp\/v2\/types\/page"}],"author":[{"embeddable":true,"href":"https:\/\/samkszs.rs\/index.php\/wp-json\/wp\/v2\/users\/1"}],"replies":[{"embeddable":true,"href":"https:\/\/samkszs.rs\/index.php\/wp-json\/wp\/v2\/comments?post=10"}],"version-history":[{"count":321,"href":"https:\/\/samkszs.rs\/index.php\/wp-json\/wp\/v2\/pages\/10\/revisions"}],"predecessor-version":[{"id":2795,"href":"https:\/\/samkszs.rs\/index.php\/wp-json\/wp\/v2\/pages\/10\/revisions\/2795"}],"wp:attachment":[{"href":"https:\/\/samkszs.rs\/index.php\/wp-json\/wp\/v2\/media?parent=10"}],"curies":[{"name":"wp","href":"https:\/\/api.w.org\/{rel}","templated":true}]}}